{"id":15,"date":"2016-11-23T20:00:10","date_gmt":"2016-11-23T19:00:10","guid":{"rendered":"http:\/\/laurenternes.net\/?page_id=15"},"modified":"2017-01-30T12:00:48","modified_gmt":"2017-01-30T11:00:48","slug":"contact","status":"publish","type":"page","link":"https:\/\/laurenternes.net\/index.php\/contact\/","title":{"rendered":"Contact"},"content":{"rendered":"<p>Laurent ERNES<br \/>\n<i>The awesome fabricator<\/i><\/p>\n<p>e-mail: laurenternes(at)hotmail.com<\/p>\n<h1>Comp\u00e9tences<\/h1>\n<ul>\n<li>\u00e9lectronique<\/li>\n<li>informatique<\/li>\n<li>automatisation<\/li>\n<li>IoT, internet des objets<\/li>\n<li>impression 3D<\/li>\n<li>d\u00e9coupe laser<\/li>\n<li>soudure \u00e0 l&#8217;arc<\/li>\n<li>travail du bois<\/li>\n<\/ul>\n","protected":false},"excerpt":{"rendered":"<p>Laurent ERNES The awesome fabricator e-mail: laurenternes(at)hotmail.com Comp\u00e9tences \u00e9lectronique informatique automatisation IoT, internet des objets impression 3D d\u00e9coupe laser soudure \u00e0 l&#8217;arc travail du bois<\/p>\n","protected":false},"author":1,"featured_media":0,"parent":0,"menu_order":0,"comment_status":"closed","ping_status":"closed","template":"","meta":[],"_links":{"self":[{"href":"https:\/\/laurenternes.net\/index.php\/wp-json\/wp\/v2\/pages\/15"}],"collection":[{"href":"https:\/\/laurenternes.net\/index.php\/wp-json\/wp\/v2\/pages"}],"about":[{"href":"https:\/\/laurenternes.net\/index.php\/wp-json\/wp\/v2\/types\/page"}],"author":[{"embeddable":true,"href":"https:\/\/laurenternes.net\/index.php\/wp-json\/wp\/v2\/users\/1"}],"replies":[{"embeddable":true,"href":"https:\/\/laurenternes.net\/index.php\/wp-json\/wp\/v2\/comments?post=15"}],"version-history":[{"count":4,"href":"https:\/\/laurenternes.net\/index.php\/wp-json\/wp\/v2\/pages\/15\/revisions"}],"predecessor-version":[{"id":155,"href":"https:\/\/laurenternes.net\/index.php\/wp-json\/wp\/v2\/pages\/15\/revisions\/155"}],"wp:attachment":[{"href":"https:\/\/laurenternes.net\/index.php\/wp-json\/wp\/v2\/media?parent=15"}],"curies":[{"name":"wp","href":"https:\/\/api.w.org\/{rel}","templated":true}]}}